{"id":1234,"date":"2025-04-07T14:55:52","date_gmt":"2025-04-07T14:55:52","guid":{"rendered":"https:\/\/neu.optikbrugger.it\/lenti-a-contatto-rigide\/"},"modified":"2025-09-30T13:22:41","modified_gmt":"2025-09-30T13:22:41","slug":"lenti-a-contatto-rigide","status":"publish","type":"page","link":"https:\/\/www.optikbrugger.it\/it\/lenti-a-contatto-rigide\/","title":{"rendered":"Lenti a contatto rigide"},"content":{"rendered":"\t\t<div data-elementor-type=\"wp-page\" data-elementor-id=\"1234\" class=\"elementor elementor-1234 elementor-782\" data-elementor-post-type=\"page\">\n\t\t\t\t<div class=\"elementor-element elementor-element-6b6ea426 e-con-full container-w entrance e-flex e-con e-parent\" data-id=\"6b6ea426\" data-element_type=\"container\">\n\t\t\t\t<div class=\"elementor-element elementor-element-23fbd840 elementor-widget__width-inherit entrance-carousell elementor-widget elementor-widget-image-carousel\" data-id=\"23fbd840\" data-element_type=\"widget\" data-settings=\"{&quot;slides_to_show&quot;:&quot;1&quot;,&quot;navigation&quot;:&quot;none&quot;,&quot;autoplay&quot;:&quot;yes&quot;,&quot;pause_on_hover&quot;:&quot;yes&quot;,&quot;pause_on_interaction&quot;:&quot;yes&quot;,&quot;autoplay_speed&quot;:5000,&quot;infinite&quot;:&quot;yes&quot;,&quot;effect&quot;:&quot;slide&quot;,&quot;speed&quot;:500}\" data-widget_type=\"image-carousel.default\">\n\t\t\t\t<div class=\"elementor-widget-container\">\n\t\t\t\t\t<div class=\"elementor-image-carousel-wrapper swiper\" dir=\"ltr\">\n\t\t\t<div class=\"elementor-image-carousel swiper-wrapper\" aria-live=\"off\">\n\t\t\t\t\t\t\t\t<div class=\"swiper-slide\" role=\"group\" aria-roledescription=\"slide\" aria-label=\"1 di 1\"><figure class=\"swiper-slide-inner\"><img decoding=\"async\" class=\"swiper-slide-image\" src=\"https:\/\/www.optikbrugger.it\/wp-content\/uploads\/2025\/05\/formstabile-kontaktlinsen.jpg\" alt=\"formstabile-kontaktlinsen\" \/><\/figure><\/div>\t\t\t<\/div>\n\t\t\t\t\t<\/div>\n\t\t\t\t<\/div>\n\t\t\t\t<\/div>\n\t\t\t\t<div class=\"elementor-element elementor-element-8eb3c91 elementor-absolute elementor-widget elementor-widget-image\" data-id=\"8eb3c91\" data-element_type=\"widget\" data-settings=\"{&quot;_position&quot;:&quot;absolute&quot;}\" data-widget_type=\"image.default\">\n\t\t\t\t<div class=\"elementor-widget-container\">\n\t\t\t\t\t\t\t\t\t\t\t\t\t<img fetchpriority=\"high\" decoding=\"async\" width=\"240\" height=\"240\" src=\"https:\/\/www.optikbrugger.it\/wp-content\/uploads\/2024\/11\/wir-sind-umgezogen.svg\" class=\"attachment-large size-large wp-image-1031\" alt=\"\" \/>\t\t\t\t\t\t\t\t\t\t\t\t\t<\/div>\n\t\t\t\t<\/div>\n\t\t\t\t<\/div>\n\t\t<div class=\"elementor-element elementor-element-5947e821 e-con-full p-b-l m-w-60 txt-heading-container e-flex e-con e-parent\" data-id=\"5947e821\" data-element_type=\"container\" data-settings=\"{&quot;background_background&quot;:&quot;classic&quot;}\">\n\t\t\t\t<div class=\"elementor-element elementor-element-46aec3f7 elementor-widget elementor-widget-heading\" data-id=\"46aec3f7\" data-element_type=\"widget\" data-settings=\"{&quot;motion_fx_motion_fx_scrolling&quot;:&quot;yes&quot;,&quot;motion_fx_opacity_effect&quot;:&quot;yes&quot;,&quot;motion_fx_opacity_direction&quot;:&quot;out-in&quot;,&quot;motion_fx_opacity_level&quot;:{&quot;unit&quot;:&quot;px&quot;,&quot;size&quot;:10,&quot;sizes&quot;:[]},&quot;motion_fx_opacity_range&quot;:{&quot;unit&quot;:&quot;%&quot;,&quot;size&quot;:&quot;&quot;,&quot;sizes&quot;:{&quot;start&quot;:20,&quot;end&quot;:80}},&quot;motion_fx_devices&quot;:[&quot;desktop&quot;,&quot;tablet&quot;,&quot;mobile&quot;]}\" data-widget_type=\"heading.default\">\n\t\t\t\t<div class=\"elementor-widget-container\">\n\t\t\t<h1 class=\"elementor-heading-title elementor-size-default\">Lenti a contatto rigide<\/h1>\t\t<\/div>\n\t\t\t\t<\/div>\n\t\t\t\t<div class=\"elementor-element elementor-element-a41120a elementor-widget elementor-widget-heading\" data-id=\"a41120a\" data-element_type=\"widget\" data-widget_type=\"heading.default\">\n\t\t\t\t<div class=\"elementor-widget-container\">\n\t\t\t<h3 class=\"elementor-heading-title elementor-size-default\">Una correzione sicura e duratura<\/h3>\t\t<\/div>\n\t\t\t\t<\/div>\n\t\t<div class=\"elementor-element elementor-element-b1da9b7 e-con-full e-flex e-con e-child\" data-id=\"b1da9b7\" data-element_type=\"container\" data-settings=\"{&quot;motion_fx_motion_fx_scrolling&quot;:&quot;yes&quot;,&quot;motion_fx_opacity_effect&quot;:&quot;yes&quot;,&quot;motion_fx_opacity_direction&quot;:&quot;out-in&quot;,&quot;motion_fx_opacity_level&quot;:{&quot;unit&quot;:&quot;px&quot;,&quot;size&quot;:10,&quot;sizes&quot;:[]},&quot;motion_fx_opacity_range&quot;:{&quot;unit&quot;:&quot;%&quot;,&quot;size&quot;:&quot;&quot;,&quot;sizes&quot;:{&quot;start&quot;:20,&quot;end&quot;:80}},&quot;motion_fx_devices&quot;:[&quot;desktop&quot;,&quot;tablet&quot;,&quot;mobile&quot;]}\">\n\t\t\t\t<div class=\"elementor-element elementor-element-6835a6b1 elementor-widget elementor-widget-text-editor\" data-id=\"6835a6b1\" data-element_type=\"widget\" data-widget_type=\"text-editor.default\">\n\t\t\t\t<div class=\"elementor-widget-container\">\n\t\t\t\t\t\t\t<p>Regalatevi il comfort di una visione nitida per tutto il giorno, anche in caso di difetti visivi particolari, con lenti a contatto rigide personalizzate. Realizzate su misura per i vostri occhi, offrono una soluzione sicura e duratura per una correzione ottimale della vista. <\/p>\t\t\t\t\t\t<\/div>\n\t\t\t\t<\/div>\n\t\t\t\t<div class=\"elementor-element elementor-element-953f0be custom-btn dark elementor-widget elementor-widget-button\" data-id=\"953f0be\" data-element_type=\"widget\" data-widget_type=\"button.default\">\n\t\t\t\t<div class=\"elementor-widget-container\">\n\t\t\t\t\t\t\t<div class=\"elementor-button-wrapper\">\n\t\t\t\t\t<a class=\"elementor-button elementor-button-link elementor-size-sm\" href=\"#\">\n\t\t\t\t\t\t<span class=\"elementor-button-content-wrapper\">\n\t\t\t\t\t\t\t\t\t<span class=\"elementor-button-text\">Fissa un appuntamento<\/span>\n\t\t\t\t\t<\/span>\n\t\t\t\t\t<\/a>\n\t\t\t\t<\/div>\n\t\t\t\t\t\t<\/div>\n\t\t\t\t<\/div>\n\t\t\t\t<\/div>\n\t\t\t\t<\/div>\n\t\t<div class=\"elementor-element elementor-element-63cbddca e-con-full e-flex e-con e-parent\" data-id=\"63cbddca\" data-element_type=\"container\">\n\t\t<div class=\"elementor-element elementor-element-53cd64e e-con-full e-flex e-con e-child\" data-id=\"53cd64e\" data-element_type=\"container\" data-settings=\"{&quot;background_background&quot;:&quot;classic&quot;}\">\n\t\t\t\t<div class=\"elementor-element elementor-element-03a583a elementor-widget__width-inherit elementor-widget elementor-widget-image\" data-id=\"03a583a\" data-element_type=\"widget\" data-widget_type=\"image.default\">\n\t\t\t\t<div class=\"elementor-widget-container\">\n\t\t\t\t\t\t\t\t\t\t\t\t\t<img decoding=\"async\" width=\"1000\" height=\"1000\" src=\"https:\/\/www.optikbrugger.it\/wp-content\/uploads\/2025\/05\/korneallinsen.jpg\" class=\"attachment-full size-full wp-image-1137\" alt=\"\" srcset=\"https:\/\/www.optikbrugger.it\/wp-content\/uploads\/2025\/05\/korneallinsen.jpg 1000w, https:\/\/www.optikbrugger.it\/wp-content\/uploads\/2025\/05\/korneallinsen-300x300.jpg 300w, https:\/\/www.optikbrugger.it\/wp-content\/uploads\/2025\/05\/korneallinsen-150x150.jpg 150w, https:\/\/www.optikbrugger.it\/wp-content\/uploads\/2025\/05\/korneallinsen-768x768.jpg 768w\" sizes=\"(max-width: 1000px) 100vw, 1000px\" \/>\t\t\t\t\t\t\t\t\t\t\t\t\t<\/div>\n\t\t\t\t<\/div>\n\t\t\t\t<\/div>\n\t\t<div class=\"elementor-element elementor-element-43e9cf0 e-con-full p-b-m p-is e-flex e-con e-child\" data-id=\"43e9cf0\" data-element_type=\"container\" data-settings=\"{&quot;background_background&quot;:&quot;classic&quot;}\">\n\t\t\t\t<div class=\"elementor-element elementor-element-50a469a p-i-m elementor-widget elementor-widget-heading\" data-id=\"50a469a\" data-element_type=\"widget\" data-settings=\"{&quot;motion_fx_motion_fx_scrolling&quot;:&quot;yes&quot;,&quot;motion_fx_devices&quot;:[&quot;desktop&quot;,&quot;tablet&quot;,&quot;mobile&quot;]}\" data-widget_type=\"heading.default\">\n\t\t\t\t<div class=\"elementor-widget-container\">\n\t\t\t<h2 class=\"elementor-heading-title elementor-size-default\">Lenti corneali<\/h2>\t\t<\/div>\n\t\t\t\t<\/div>\n\t\t\t\t<div class=\"elementor-element elementor-element-7083fb7 p-i-m elementor-widget elementor-widget-text-editor\" data-id=\"7083fb7\" data-element_type=\"widget\" data-widget_type=\"text-editor.default\">\n\t\t\t\t<div class=\"elementor-widget-container\">\n\t\t\t\t\t\t\t<p>Le lenti corneali sono lenti a contatto rigide realizzate su misura che poggiano direttamente sulla cornea. <span data-olk-copy-source=\"MessageBody\">Di norma vengono utilizzate per correggere difetti visivi di entit\u00e0 significativa<\/span> e irregolarit\u00e0 come quelle che si riscontrano, ad esempio, nel cheratocono. Sono realizzate con un materiale all\u2019avanguardia che garantisce agli occhi l\u2019apporto di ossigeno necessario a mantenerli sani, cosa che le rende ideali per l\u2019uso quotidiano e prolungato negli anni.<\/p>\t\t\t\t\t\t<\/div>\n\t\t\t\t<\/div>\n\t\t\t\t<\/div>\n\t\t\t\t<\/div>\n\t\t<div class=\"elementor-element elementor-element-d438fa5 e-con-full e-flex e-con e-parent\" data-id=\"d438fa5\" data-element_type=\"container\">\n\t\t\t\t<div class=\"elementor-element elementor-element-f8eeea2 elementor-widget elementor-widget-menu-anchor\" data-id=\"f8eeea2\" data-element_type=\"widget\" data-widget_type=\"menu-anchor.default\">\n\t\t\t\t<div class=\"elementor-widget-container\">\n\t\t\t\t\t<div class=\"elementor-menu-anchor\" id=\"sklerallinsen\"><\/div>\n\t\t\t\t<\/div>\n\t\t\t\t<\/div>\n\t\t<div class=\"elementor-element elementor-element-2ca36ab e-con-full e-flex e-con e-child\" data-id=\"2ca36ab\" data-element_type=\"container\" data-settings=\"{&quot;background_background&quot;:&quot;classic&quot;}\">\n\t\t\t\t<div class=\"elementor-element elementor-element-1469698 elementor-widget__width-inherit elementor-widget elementor-widget-image\" data-id=\"1469698\" data-element_type=\"widget\" data-widget_type=\"image.default\">\n\t\t\t\t<div class=\"elementor-widget-container\">\n\t\t\t\t\t\t\t\t\t\t\t\t\t<img decoding=\"async\" width=\"1000\" height=\"1000\" src=\"https:\/\/www.optikbrugger.it\/wp-content\/uploads\/2025\/05\/sklerallinsen.jpg\" class=\"attachment-full size-full wp-image-1135\" alt=\"\" srcset=\"https:\/\/www.optikbrugger.it\/wp-content\/uploads\/2025\/05\/sklerallinsen.jpg 1000w, https:\/\/www.optikbrugger.it\/wp-content\/uploads\/2025\/05\/sklerallinsen-300x300.jpg 300w, https:\/\/www.optikbrugger.it\/wp-content\/uploads\/2025\/05\/sklerallinsen-150x150.jpg 150w, https:\/\/www.optikbrugger.it\/wp-content\/uploads\/2025\/05\/sklerallinsen-768x768.jpg 768w\" sizes=\"(max-width: 1000px) 100vw, 1000px\" \/>\t\t\t\t\t\t\t\t\t\t\t\t\t<\/div>\n\t\t\t\t<\/div>\n\t\t\t\t<\/div>\n\t\t<div class=\"elementor-element elementor-element-4d18d2e e-con-full p-b-m p-is e-flex e-con e-child\" data-id=\"4d18d2e\" data-element_type=\"container\" data-settings=\"{&quot;background_background&quot;:&quot;classic&quot;}\">\n\t\t\t\t<div class=\"elementor-element elementor-element-8e34f1a p-i-m elementor-widget elementor-widget-heading\" data-id=\"8e34f1a\" data-element_type=\"widget\" data-settings=\"{&quot;motion_fx_motion_fx_scrolling&quot;:&quot;yes&quot;,&quot;motion_fx_devices&quot;:[&quot;desktop&quot;,&quot;tablet&quot;,&quot;mobile&quot;]}\" data-widget_type=\"heading.default\">\n\t\t\t\t<div class=\"elementor-widget-container\">\n\t\t\t<h2 class=\"elementor-heading-title elementor-size-default\">Lenti sclerali<\/h2>\t\t<\/div>\n\t\t\t\t<\/div>\n\t\t\t\t<div class=\"elementor-element elementor-element-906e128 p-i-m elementor-widget elementor-widget-text-editor\" data-id=\"906e128\" data-element_type=\"widget\" data-widget_type=\"text-editor.default\">\n\t\t\t\t<div class=\"elementor-widget-container\">\n\t\t\t\t\t\t\t<p>Le lenti sclerali sono lenti a contatto rigide di grande diametro che poggiano sulla sclera, ovvero la parte bianca dell\u2019occhio, senza entrare in contatto diretto con la cornea grazie a un sottile strato di liquido che le mantiene sollevate e compensa le irregolarit\u00e0. Sono quindi la soluzione ideale in caso di cheratocono, dopo trapianti di cornea o in caso di secchezza oculare cronica (sindrome dell\u2019occhio secco). Sono realizzate con un materiale altamente permeabile all\u2019ossigeno che assicura una buona ossigenazione e un elevato livello di comfort.  <\/p>\t\t\t\t\t\t<\/div>\n\t\t\t\t<\/div>\n\t\t\t\t<\/div>\n\t\t\t\t<\/div>\n\t\t<div class=\"elementor-element elementor-element-2b9e6d2 e-con-full e-flex e-con e-parent\" data-id=\"2b9e6d2\" data-element_type=\"container\">\n\t\t<div class=\"elementor-element elementor-element-c156699 e-con-full e-flex e-con e-child\" data-id=\"c156699\" data-element_type=\"container\" data-settings=\"{&quot;background_background&quot;:&quot;classic&quot;}\">\n\t\t\t\t<div class=\"elementor-element elementor-element-1042c7f elementor-widget__width-inherit elementor-widget elementor-widget-image\" data-id=\"1042c7f\" data-element_type=\"widget\" data-widget_type=\"image.default\">\n\t\t\t\t<div class=\"elementor-widget-container\">\n\t\t\t\t\t\t\t\t\t\t\t\t\t<img loading=\"lazy\" decoding=\"async\" width=\"1440\" height=\"1440\" src=\"https:\/\/www.optikbrugger.it\/wp-content\/uploads\/2025\/05\/unsere-anpassung-1.jpg\" class=\"attachment-full size-full wp-image-1189\" alt=\"\" srcset=\"https:\/\/www.optikbrugger.it\/wp-content\/uploads\/2025\/05\/unsere-anpassung-1.jpg 1440w, https:\/\/www.optikbrugger.it\/wp-content\/uploads\/2025\/05\/unsere-anpassung-1-300x300.jpg 300w, https:\/\/www.optikbrugger.it\/wp-content\/uploads\/2025\/05\/unsere-anpassung-1-1024x1024.jpg 1024w, https:\/\/www.optikbrugger.it\/wp-content\/uploads\/2025\/05\/unsere-anpassung-1-150x150.jpg 150w, https:\/\/www.optikbrugger.it\/wp-content\/uploads\/2025\/05\/unsere-anpassung-1-768x768.jpg 768w\" sizes=\"(max-width: 1440px) 100vw, 1440px\" \/>\t\t\t\t\t\t\t\t\t\t\t\t\t<\/div>\n\t\t\t\t<\/div>\n\t\t\t\t<\/div>\n\t\t<div class=\"elementor-element elementor-element-fe7ad25 e-con-full p-b-m p-is e-flex e-con e-child\" data-id=\"fe7ad25\" data-element_type=\"container\" data-settings=\"{&quot;background_background&quot;:&quot;classic&quot;}\">\n\t\t\t\t<div class=\"elementor-element elementor-element-d64bb87 p-i-m elementor-widget elementor-widget-heading\" data-id=\"d64bb87\" data-element_type=\"widget\" data-settings=\"{&quot;motion_fx_motion_fx_scrolling&quot;:&quot;yes&quot;,&quot;motion_fx_devices&quot;:[&quot;desktop&quot;,&quot;tablet&quot;,&quot;mobile&quot;]}\" data-widget_type=\"heading.default\">\n\t\t\t\t<div class=\"elementor-widget-container\">\n\t\t\t<h2 class=\"elementor-heading-title elementor-size-default\">Come funziona<\/h2>\t\t<\/div>\n\t\t\t\t<\/div>\n\t\t\t\t<div class=\"elementor-element elementor-element-3a7d380 p-i-m elementor-widget elementor-widget-text-editor\" data-id=\"3a7d380\" data-element_type=\"widget\" data-widget_type=\"text-editor.default\">\n\t\t\t\t<div class=\"elementor-widget-container\">\n\t\t\t\t\t\t\t<p>Per prima cosa si parte da un esame completo con anamnesi e analisi precisa della forma dell\u2019occhio per verificarne l\u2019idoneit\u00e0 alle lenti a contatto rigide. Sulla base di questi dati, procediamo a realizzare le lenti su misura. Segue poi un appuntamento per l\u2019adattamento, durante il quale controlliamo la vestibilit\u00e0 e l\u2019acuit\u00e0 visiva e spieghiamo nel dettaglio come utilizzare le lenti a contatto ed eseguire la normale manutenzione.<br>Durante la fase di adattamento \u00e8 importante sottoporsi a controlli frequenti; in seguito baster\u00e0 un controllo annuale per garantire il comfort, la qualit\u00e0 visiva e la salute degli occhi.  <\/p>\t\t\t\t\t\t<\/div>\n\t\t\t\t<\/div>\n\t\t\t\t<\/div>\n\t\t\t\t<\/div>\n\t\t\t\t<\/div>\n\t\t","protected":false},"excerpt":{"rendered":"<p>Lenti a contatto rigide Una correzione sicura e duratura Regalatevi il comfort di una visione nitida per tutto il giorno, anche in caso di difetti visivi particolari, con lenti a contatto rigide personalizzate. Realizzate su misura per i vostri occhi, offrono una soluzione sicura e duratura per una correzione ottimale della vista. Fissa un appuntamento [&hellip;]<\/p>\n","protected":false},"author":1,"featured_media":0,"parent":0,"menu_order":0,"comment_status":"closed","ping_status":"closed","template":"","meta":{"footnotes":""},"class_list":["post-1234","page","type-page","status-publish","hentry"],"yoast_head":"<!-- This site is optimized with the Yoast SEO plugin v23.4 - https:\/\/yoast.com\/wordpress\/plugins\/seo\/ -->\n<title>Lenti a contatto rigide<\/title>\n<meta name=\"description\" content=\"Lenti a contatto rigide\" \/>\n<meta name=\"robots\" content=\"index, follow, max-snippet:-1, max-image-preview:large, max-video-preview:-1\" \/>\n<link rel=\"canonical\" href=\"https:\/\/www.optikbrugger.it\/it\/lenti-a-contatto-rigide\/\" \/>\n<meta property=\"og:locale\" content=\"it_IT\" \/>\n<meta property=\"og:type\" content=\"article\" \/>\n<meta property=\"og:title\" content=\"Lenti a contatto rigide\" \/>\n<meta property=\"og:description\" content=\"Lenti a contatto rigide\" \/>\n<meta property=\"og:url\" content=\"https:\/\/www.optikbrugger.it\/it\/lenti-a-contatto-rigide\/\" \/>\n<meta property=\"og:site_name\" content=\"Optik Brugger\" \/>\n<meta property=\"article:modified_time\" content=\"2025-09-30T13:22:41+00:00\" \/>\n<meta property=\"og:image\" content=\"https:\/\/www.optikbrugger.it\/wp-content\/uploads\/2025\/05\/formstabile-kontaktlinsen.jpg\" \/>\n<meta name=\"twitter:card\" content=\"summary_large_image\" \/>\n<meta name=\"twitter:label1\" content=\"Tempo di lettura stimato\" \/>\n\t<meta name=\"twitter:data1\" content=\"3 minuti\" \/>\n<script type=\"application\/ld+json\" class=\"yoast-schema-graph\">{\"@context\":\"https:\/\/schema.org\",\"@graph\":[{\"@type\":\"WebPage\",\"@id\":\"https:\/\/www.optikbrugger.it\/it\/lenti-a-contatto-rigide\/\",\"url\":\"https:\/\/www.optikbrugger.it\/it\/lenti-a-contatto-rigide\/\",\"name\":\"Lenti a contatto rigide\",\"isPartOf\":{\"@id\":\"https:\/\/www.optikbrugger.it\/it\/#website\"},\"primaryImageOfPage\":{\"@id\":\"https:\/\/www.optikbrugger.it\/it\/lenti-a-contatto-rigide\/#primaryimage\"},\"image\":{\"@id\":\"https:\/\/www.optikbrugger.it\/it\/lenti-a-contatto-rigide\/#primaryimage\"},\"thumbnailUrl\":\"https:\/\/www.optikbrugger.it\/wp-content\/uploads\/2025\/05\/formstabile-kontaktlinsen.jpg\",\"datePublished\":\"2025-04-07T14:55:52+00:00\",\"dateModified\":\"2025-09-30T13:22:41+00:00\",\"description\":\"Lenti a contatto rigide\",\"breadcrumb\":{\"@id\":\"https:\/\/www.optikbrugger.it\/it\/lenti-a-contatto-rigide\/#breadcrumb\"},\"inLanguage\":\"it-IT\",\"potentialAction\":[{\"@type\":\"ReadAction\",\"target\":[\"https:\/\/www.optikbrugger.it\/it\/lenti-a-contatto-rigide\/\"]}]},{\"@type\":\"ImageObject\",\"inLanguage\":\"it-IT\",\"@id\":\"https:\/\/www.optikbrugger.it\/it\/lenti-a-contatto-rigide\/#primaryimage\",\"url\":\"https:\/\/www.optikbrugger.it\/wp-content\/uploads\/2025\/05\/formstabile-kontaktlinsen.jpg\",\"contentUrl\":\"https:\/\/www.optikbrugger.it\/wp-content\/uploads\/2025\/05\/formstabile-kontaktlinsen.jpg\"},{\"@type\":\"BreadcrumbList\",\"@id\":\"https:\/\/www.optikbrugger.it\/it\/lenti-a-contatto-rigide\/#breadcrumb\",\"itemListElement\":[{\"@type\":\"ListItem\",\"position\":1,\"name\":\"Startseite\",\"item\":\"https:\/\/www.optikbrugger.it\/it\/\"},{\"@type\":\"ListItem\",\"position\":2,\"name\":\"Lenti a contatto rigide\"}]},{\"@type\":\"WebSite\",\"@id\":\"https:\/\/www.optikbrugger.it\/it\/#website\",\"url\":\"https:\/\/www.optikbrugger.it\/it\/\",\"name\":\"Optik Brugger\",\"description\":\"\",\"publisher\":{\"@id\":\"https:\/\/www.optikbrugger.it\/it\/#organization\"},\"potentialAction\":[{\"@type\":\"SearchAction\",\"target\":{\"@type\":\"EntryPoint\",\"urlTemplate\":\"https:\/\/www.optikbrugger.it\/it\/?s={search_term_string}\"},\"query-input\":{\"@type\":\"PropertyValueSpecification\",\"valueRequired\":true,\"valueName\":\"search_term_string\"}}],\"inLanguage\":\"it-IT\"},{\"@type\":\"Organization\",\"@id\":\"https:\/\/www.optikbrugger.it\/it\/#organization\",\"name\":\"Optik Brugger\",\"url\":\"https:\/\/www.optikbrugger.it\/it\/\",\"logo\":{\"@type\":\"ImageObject\",\"inLanguage\":\"it-IT\",\"@id\":\"https:\/\/www.optikbrugger.it\/it\/#\/schema\/logo\/image\/\",\"url\":\"https:\/\/www.optikbrugger.it\/wp-content\/uploads\/2024\/10\/Gruppe-6.svg\",\"contentUrl\":\"https:\/\/www.optikbrugger.it\/wp-content\/uploads\/2024\/10\/Gruppe-6.svg\",\"width\":320,\"height\":82,\"caption\":\"Optik Brugger\"},\"image\":{\"@id\":\"https:\/\/www.optikbrugger.it\/it\/#\/schema\/logo\/image\/\"}}]}<\/script>\n<!-- \/ Yoast SEO plugin. -->","yoast_head_json":{"title":"Lenti a contatto rigide","description":"Lenti a contatto rigide","robots":{"index":"index","follow":"follow","max-snippet":"max-snippet:-1","max-image-preview":"max-image-preview:large","max-video-preview":"max-video-preview:-1"},"canonical":"https:\/\/www.optikbrugger.it\/it\/lenti-a-contatto-rigide\/","og_locale":"it_IT","og_type":"article","og_title":"Lenti a contatto rigide","og_description":"Lenti a contatto rigide","og_url":"https:\/\/www.optikbrugger.it\/it\/lenti-a-contatto-rigide\/","og_site_name":"Optik Brugger","article_modified_time":"2025-09-30T13:22:41+00:00","og_image":[{"url":"https:\/\/www.optikbrugger.it\/wp-content\/uploads\/2025\/05\/formstabile-kontaktlinsen.jpg"}],"twitter_card":"summary_large_image","twitter_misc":{"Tempo di lettura stimato":"3 minuti"},"schema":{"@context":"https:\/\/schema.org","@graph":[{"@type":"WebPage","@id":"https:\/\/www.optikbrugger.it\/it\/lenti-a-contatto-rigide\/","url":"https:\/\/www.optikbrugger.it\/it\/lenti-a-contatto-rigide\/","name":"Lenti a contatto rigide","isPartOf":{"@id":"https:\/\/www.optikbrugger.it\/it\/#website"},"primaryImageOfPage":{"@id":"https:\/\/www.optikbrugger.it\/it\/lenti-a-contatto-rigide\/#primaryimage"},"image":{"@id":"https:\/\/www.optikbrugger.it\/it\/lenti-a-contatto-rigide\/#primaryimage"},"thumbnailUrl":"https:\/\/www.optikbrugger.it\/wp-content\/uploads\/2025\/05\/formstabile-kontaktlinsen.jpg","datePublished":"2025-04-07T14:55:52+00:00","dateModified":"2025-09-30T13:22:41+00:00","description":"Lenti a contatto rigide","breadcrumb":{"@id":"https:\/\/www.optikbrugger.it\/it\/lenti-a-contatto-rigide\/#breadcrumb"},"inLanguage":"it-IT","potentialAction":[{"@type":"ReadAction","target":["https:\/\/www.optikbrugger.it\/it\/lenti-a-contatto-rigide\/"]}]},{"@type":"ImageObject","inLanguage":"it-IT","@id":"https:\/\/www.optikbrugger.it\/it\/lenti-a-contatto-rigide\/#primaryimage","url":"https:\/\/www.optikbrugger.it\/wp-content\/uploads\/2025\/05\/formstabile-kontaktlinsen.jpg","contentUrl":"https:\/\/www.optikbrugger.it\/wp-content\/uploads\/2025\/05\/formstabile-kontaktlinsen.jpg"},{"@type":"BreadcrumbList","@id":"https:\/\/www.optikbrugger.it\/it\/lenti-a-contatto-rigide\/#breadcrumb","itemListElement":[{"@type":"ListItem","position":1,"name":"Startseite","item":"https:\/\/www.optikbrugger.it\/it\/"},{"@type":"ListItem","position":2,"name":"Lenti a contatto rigide"}]},{"@type":"WebSite","@id":"https:\/\/www.optikbrugger.it\/it\/#website","url":"https:\/\/www.optikbrugger.it\/it\/","name":"Optik Brugger","description":"","publisher":{"@id":"https:\/\/www.optikbrugger.it\/it\/#organization"},"potentialAction":[{"@type":"SearchAction","target":{"@type":"EntryPoint","urlTemplate":"https:\/\/www.optikbrugger.it\/it\/?s={search_term_string}"},"query-input":{"@type":"PropertyValueSpecification","valueRequired":true,"valueName":"search_term_string"}}],"inLanguage":"it-IT"},{"@type":"Organization","@id":"https:\/\/www.optikbrugger.it\/it\/#organization","name":"Optik Brugger","url":"https:\/\/www.optikbrugger.it\/it\/","logo":{"@type":"ImageObject","inLanguage":"it-IT","@id":"https:\/\/www.optikbrugger.it\/it\/#\/schema\/logo\/image\/","url":"https:\/\/www.optikbrugger.it\/wp-content\/uploads\/2024\/10\/Gruppe-6.svg","contentUrl":"https:\/\/www.optikbrugger.it\/wp-content\/uploads\/2024\/10\/Gruppe-6.svg","width":320,"height":82,"caption":"Optik Brugger"},"image":{"@id":"https:\/\/www.optikbrugger.it\/it\/#\/schema\/logo\/image\/"}}]}},"_links":{"self":[{"href":"https:\/\/www.optikbrugger.it\/it\/wp-json\/wp\/v2\/pages\/1234"}],"collection":[{"href":"https:\/\/www.optikbrugger.it\/it\/wp-json\/wp\/v2\/pages"}],"about":[{"href":"https:\/\/www.optikbrugger.it\/it\/wp-json\/wp\/v2\/types\/page"}],"author":[{"embeddable":true,"href":"https:\/\/www.optikbrugger.it\/it\/wp-json\/wp\/v2\/users\/1"}],"replies":[{"embeddable":true,"href":"https:\/\/www.optikbrugger.it\/it\/wp-json\/wp\/v2\/comments?post=1234"}],"version-history":[{"count":5,"href":"https:\/\/www.optikbrugger.it\/it\/wp-json\/wp\/v2\/pages\/1234\/revisions"}],"predecessor-version":[{"id":1371,"href":"https:\/\/www.optikbrugger.it\/it\/wp-json\/wp\/v2\/pages\/1234\/revisions\/1371"}],"wp:attachment":[{"href":"https:\/\/www.optikbrugger.it\/it\/wp-json\/wp\/v2\/media?parent=1234"}],"curies":[{"name":"wp","href":"https:\/\/api.w.org\/{rel}","templated":true}]}}