{"id":1221,"date":"2024-11-21T13:16:11","date_gmt":"2024-11-21T13:16:11","guid":{"rendered":"https:\/\/neu.optikbrugger.it\/management-della-miopia\/"},"modified":"2025-10-01T07:28:29","modified_gmt":"2025-10-01T07:28:29","slug":"management-della-miopia","status":"publish","type":"page","link":"https:\/\/www.optikbrugger.it\/it\/management-della-miopia\/","title":{"rendered":"Gestione della progressione miopica"},"content":{"rendered":"\t\t<div data-elementor-type=\"wp-page\" data-elementor-id=\"1221\" class=\"elementor elementor-1221 elementor-333\" data-elementor-post-type=\"page\">\n\t\t\t\t<div class=\"elementor-element elementor-element-6b6ea426 e-con-full container-w entrance e-flex e-con e-parent\" data-id=\"6b6ea426\" data-element_type=\"container\">\n\t\t\t\t<div class=\"elementor-element elementor-element-23fbd840 elementor-widget__width-inherit entrance-carousell elementor-widget elementor-widget-image-carousel\" data-id=\"23fbd840\" data-element_type=\"widget\" data-settings=\"{&quot;slides_to_show&quot;:&quot;1&quot;,&quot;navigation&quot;:&quot;none&quot;,&quot;autoplay&quot;:&quot;yes&quot;,&quot;pause_on_hover&quot;:&quot;yes&quot;,&quot;pause_on_interaction&quot;:&quot;yes&quot;,&quot;autoplay_speed&quot;:5000,&quot;infinite&quot;:&quot;yes&quot;,&quot;effect&quot;:&quot;slide&quot;,&quot;speed&quot;:500}\" data-widget_type=\"image-carousel.default\">\n\t\t\t\t<div class=\"elementor-widget-container\">\n\t\t\t\t\t<div class=\"elementor-image-carousel-wrapper swiper\" dir=\"ltr\">\n\t\t\t<div class=\"elementor-image-carousel swiper-wrapper\" aria-live=\"off\">\n\t\t\t\t\t\t\t\t<div class=\"swiper-slide\" role=\"group\" aria-roledescription=\"slide\" aria-label=\"1 di 1\"><figure class=\"swiper-slide-inner\"><img decoding=\"async\" class=\"swiper-slide-image\" src=\"https:\/\/www.optikbrugger.it\/wp-content\/uploads\/2025\/05\/myopie-titelbild.jpg\" alt=\"myopie-titelbild\" \/><\/figure><\/div>\t\t\t<\/div>\n\t\t\t\t\t<\/div>\n\t\t\t\t<\/div>\n\t\t\t\t<\/div>\n\t\t\t\t<div class=\"elementor-element elementor-element-8eb3c91 elementor-absolute elementor-widget elementor-widget-image\" data-id=\"8eb3c91\" data-element_type=\"widget\" data-settings=\"{&quot;_position&quot;:&quot;absolute&quot;}\" data-widget_type=\"image.default\">\n\t\t\t\t<div class=\"elementor-widget-container\">\n\t\t\t\t\t\t\t\t\t\t\t\t\t<img fetchpriority=\"high\" decoding=\"async\" width=\"240\" height=\"240\" src=\"https:\/\/www.optikbrugger.it\/wp-content\/uploads\/2024\/11\/wir-sind-umgezogen.svg\" class=\"attachment-large size-large wp-image-1031\" alt=\"\" \/>\t\t\t\t\t\t\t\t\t\t\t\t\t<\/div>\n\t\t\t\t<\/div>\n\t\t\t\t<\/div>\n\t\t<div class=\"elementor-element elementor-element-5947e821 e-con-full p-b-l m-w-60 txt-heading-container e-flex e-con e-parent\" data-id=\"5947e821\" data-element_type=\"container\" data-settings=\"{&quot;background_background&quot;:&quot;classic&quot;}\">\n\t\t\t\t<div class=\"elementor-element elementor-element-46aec3f7 elementor-widget elementor-widget-heading\" data-id=\"46aec3f7\" data-element_type=\"widget\" data-settings=\"{&quot;motion_fx_motion_fx_scrolling&quot;:&quot;yes&quot;,&quot;motion_fx_opacity_effect&quot;:&quot;yes&quot;,&quot;motion_fx_opacity_direction&quot;:&quot;out-in&quot;,&quot;motion_fx_opacity_level&quot;:{&quot;unit&quot;:&quot;px&quot;,&quot;size&quot;:10,&quot;sizes&quot;:[]},&quot;motion_fx_opacity_range&quot;:{&quot;unit&quot;:&quot;%&quot;,&quot;size&quot;:&quot;&quot;,&quot;sizes&quot;:{&quot;start&quot;:20,&quot;end&quot;:80}},&quot;motion_fx_devices&quot;:[&quot;desktop&quot;,&quot;tablet&quot;,&quot;mobile&quot;]}\" data-widget_type=\"heading.default\">\n\t\t\t\t<div class=\"elementor-widget-container\">\n\t\t\t<h1 class=\"elementor-heading-title elementor-size-default\">Gestione della progressione miopica<\/h1>\t\t<\/div>\n\t\t\t\t<\/div>\n\t\t\t\t<div class=\"elementor-element elementor-element-6f9499e as-h3 elementor-widget elementor-widget-heading\" data-id=\"6f9499e\" data-element_type=\"widget\" data-settings=\"{&quot;motion_fx_motion_fx_scrolling&quot;:&quot;yes&quot;,&quot;motion_fx_opacity_effect&quot;:&quot;yes&quot;,&quot;motion_fx_opacity_direction&quot;:&quot;out-in&quot;,&quot;motion_fx_opacity_level&quot;:{&quot;unit&quot;:&quot;px&quot;,&quot;size&quot;:10,&quot;sizes&quot;:[]},&quot;motion_fx_opacity_range&quot;:{&quot;unit&quot;:&quot;%&quot;,&quot;size&quot;:&quot;&quot;,&quot;sizes&quot;:{&quot;start&quot;:20,&quot;end&quot;:80}},&quot;motion_fx_devices&quot;:[&quot;desktop&quot;,&quot;tablet&quot;,&quot;mobile&quot;]}\" data-widget_type=\"heading.default\">\n\t\t\t\t<div class=\"elementor-widget-container\">\n\t\t\t<h2 class=\"elementor-heading-title elementor-size-default\">La miopia, sotto controllo<\/h2>\t\t<\/div>\n\t\t\t\t<\/div>\n\t\t<div class=\"elementor-element elementor-element-b1da9b7 e-con-full e-flex e-con e-child\" data-id=\"b1da9b7\" data-element_type=\"container\" data-settings=\"{&quot;motion_fx_motion_fx_scrolling&quot;:&quot;yes&quot;,&quot;motion_fx_opacity_effect&quot;:&quot;yes&quot;,&quot;motion_fx_opacity_direction&quot;:&quot;out-in&quot;,&quot;motion_fx_opacity_level&quot;:{&quot;unit&quot;:&quot;px&quot;,&quot;size&quot;:10,&quot;sizes&quot;:[]},&quot;motion_fx_opacity_range&quot;:{&quot;unit&quot;:&quot;%&quot;,&quot;size&quot;:&quot;&quot;,&quot;sizes&quot;:{&quot;start&quot;:20,&quot;end&quot;:80}},&quot;motion_fx_devices&quot;:[&quot;desktop&quot;,&quot;tablet&quot;,&quot;mobile&quot;]}\">\n\t\t\t\t<div class=\"elementor-element elementor-element-6835a6b1 elementor-widget elementor-widget-text-editor\" data-id=\"6835a6b1\" data-element_type=\"widget\" data-widget_type=\"text-editor.default\">\n\t\t\t\t<div class=\"elementor-widget-container\">\n\t\t\t\t\t\t\t<p>I nostri servizi di management professionale contribuiscono a rallentare la progressione della miopia nell\u2019infanzia e nell\u2019adolescenza. <\/p>\t\t\t\t\t\t<\/div>\n\t\t\t\t<\/div>\n\t\t\t\t<div class=\"elementor-element elementor-element-953f0be custom-btn dark elementor-widget elementor-widget-button\" data-id=\"953f0be\" data-element_type=\"widget\" data-widget_type=\"button.default\">\n\t\t\t\t<div class=\"elementor-widget-container\">\n\t\t\t\t\t\t\t<div class=\"elementor-button-wrapper\">\n\t\t\t\t\t<a class=\"elementor-button elementor-button-link elementor-size-sm\" href=\"#\">\n\t\t\t\t\t\t<span class=\"elementor-button-content-wrapper\">\n\t\t\t\t\t\t\t\t\t<span class=\"elementor-button-text\">Fissa un appuntamento<\/span>\n\t\t\t\t\t<\/span>\n\t\t\t\t\t<\/a>\n\t\t\t\t<\/div>\n\t\t\t\t\t\t<\/div>\n\t\t\t\t<\/div>\n\t\t\t\t<\/div>\n\t\t\t\t<\/div>\n\t\t<div class=\"elementor-element elementor-element-63cbddca e-con-full e-flex e-con e-parent\" data-id=\"63cbddca\" data-element_type=\"container\">\n\t\t<div class=\"elementor-element elementor-element-538cfdca e-con-full e-flex e-con e-child\" data-id=\"538cfdca\" data-element_type=\"container\" data-settings=\"{&quot;background_background&quot;:&quot;classic&quot;}\">\n\t\t\t\t<div class=\"elementor-element elementor-element-2bedb92a elementor-widget__width-inherit elementor-widget elementor-widget-image\" data-id=\"2bedb92a\" data-element_type=\"widget\" data-widget_type=\"image.default\">\n\t\t\t\t<div class=\"elementor-widget-container\">\n\t\t\t\t\t\t\t\t\t\t\t\t\t<img decoding=\"async\" width=\"1000\" height=\"1000\" src=\"https:\/\/www.optikbrugger.it\/wp-content\/uploads\/2025\/05\/was-ist-myopie.jpg\" class=\"attachment-full size-full wp-image-1163\" alt=\"\" srcset=\"https:\/\/www.optikbrugger.it\/wp-content\/uploads\/2025\/05\/was-ist-myopie.jpg 1000w, https:\/\/www.optikbrugger.it\/wp-content\/uploads\/2025\/05\/was-ist-myopie-300x300.jpg 300w, https:\/\/www.optikbrugger.it\/wp-content\/uploads\/2025\/05\/was-ist-myopie-150x150.jpg 150w, https:\/\/www.optikbrugger.it\/wp-content\/uploads\/2025\/05\/was-ist-myopie-768x768.jpg 768w\" sizes=\"(max-width: 1000px) 100vw, 1000px\" \/>\t\t\t\t\t\t\t\t\t\t\t\t\t<\/div>\n\t\t\t\t<\/div>\n\t\t\t\t<\/div>\n\t\t<div class=\"elementor-element elementor-element-2c480728 e-con-full p-b-m e-flex e-con e-child\" data-id=\"2c480728\" data-element_type=\"container\" data-settings=\"{&quot;background_background&quot;:&quot;classic&quot;}\">\n\t\t\t\t<div class=\"elementor-element elementor-element-1ecaccc4 elementor-widget elementor-widget-heading\" data-id=\"1ecaccc4\" data-element_type=\"widget\" data-settings=\"{&quot;motion_fx_motion_fx_scrolling&quot;:&quot;yes&quot;,&quot;motion_fx_devices&quot;:[&quot;desktop&quot;,&quot;tablet&quot;,&quot;mobile&quot;]}\" data-widget_type=\"heading.default\">\n\t\t\t\t<div class=\"elementor-widget-container\">\n\t\t\t<h2 class=\"elementor-heading-title elementor-size-default\">Cos\u2019\u00e8 la miopia?<\/h2>\t\t<\/div>\n\t\t\t\t<\/div>\n\t\t\t\t<div class=\"elementor-element elementor-element-2379421d p-i-m elementor-widget elementor-widget-text-editor\" data-id=\"2379421d\" data-element_type=\"widget\" data-widget_type=\"text-editor.default\">\n\t\t\t\t<div class=\"elementor-widget-container\">\n\t\t\t\t\t\t\t<p>La miopia \u00e8 un difetto della vista che fa vedere sfocati gli oggetti distanti. Pu\u00f2 avere diverse cause, come un bulbo oculare troppo lungo (miopia assiale) o un eccessivo potere rifrattivo dell\u2019occhio (miopia di rifrazione). <span data-olk-copy-source=\"MessageBody\">Un\u2019elevata miopia<\/span> \u00e8 associata a un maggior rischio di complicazioni gravi in et\u00e0 avanzata, in particolare a livello della retina, come il distacco della retina o la degenerazione maculare.<\/p>\t\t\t\t\t\t<\/div>\n\t\t\t\t<\/div>\n\t\t\t\t<\/div>\n\t\t\t\t<\/div>\n\t\t<div class=\"elementor-element elementor-element-d438fa5 e-con-full e-flex e-con e-parent\" data-id=\"d438fa5\" data-element_type=\"container\">\n\t\t<div class=\"elementor-element elementor-element-1fcfdb0 e-con-full e-flex e-con e-child\" data-id=\"1fcfdb0\" data-element_type=\"container\" data-settings=\"{&quot;background_background&quot;:&quot;classic&quot;}\">\n\t\t\t\t<div class=\"elementor-element elementor-element-adcb0ac elementor-widget__width-inherit elementor-widget elementor-widget-image\" data-id=\"adcb0ac\" data-element_type=\"widget\" data-widget_type=\"image.default\">\n\t\t\t\t<div class=\"elementor-widget-container\">\n\t\t\t\t\t\t\t\t\t\t\t\t\t<img decoding=\"async\" width=\"1365\" height=\"1024\" src=\"https:\/\/www.optikbrugger.it\/wp-content\/uploads\/2025\/07\/myocare-pov-e1751568030758.jpg\" class=\"attachment-full size-full wp-image-1270\" alt=\"\" \/>\t\t\t\t\t\t\t\t\t\t\t\t\t<\/div>\n\t\t\t\t<\/div>\n\t\t\t\t<\/div>\n\t\t<div class=\"elementor-element elementor-element-06183f6 e-con-full p-b-m e-flex e-con e-child\" data-id=\"06183f6\" data-element_type=\"container\" data-settings=\"{&quot;background_background&quot;:&quot;classic&quot;}\">\n\t\t\t\t<div class=\"elementor-element elementor-element-072bcd5 elementor-widget elementor-widget-heading\" data-id=\"072bcd5\" data-element_type=\"widget\" data-settings=\"{&quot;motion_fx_motion_fx_scrolling&quot;:&quot;yes&quot;,&quot;motion_fx_devices&quot;:[&quot;desktop&quot;,&quot;tablet&quot;,&quot;mobile&quot;]}\" data-widget_type=\"heading.default\">\n\t\t\t\t<div class=\"elementor-widget-container\">\n\t\t\t<h2 class=\"elementor-heading-title elementor-size-default\">Strategie<\/h2>\t\t<\/div>\n\t\t\t\t<\/div>\n\t\t\t\t<div class=\"elementor-element elementor-element-2845d1b p-i-m elementor-widget elementor-widget-text-editor\" data-id=\"2845d1b\" data-element_type=\"widget\" data-widget_type=\"text-editor.default\">\n\t\t\t\t<div class=\"elementor-widget-container\">\n\t\t\t\t\t\t\t<p>Il nostro servizio di <span data-olk-copy-source=\"MessageBody\">gestione della progressione miopica<\/span> comprende un ampio spettro di approcci volti a rallentare la progressione del difetto. Ad esempio, offriamo lenti per occhiali specifiche e lenti a contatto personalizzate. Anche l\u2019ortocheratologia, ovvero l\u2019impiego di speciali lenti notturne, \u00e8 un metodo collaudato per rallentare la progressione della miopia. Controlli regolari e una gestione personalizzata della miopia vi aiuteranno a ridurre a lungo termine i rischi correlati a questo difetto visivo.<\/p>\t\t\t\t\t\t<\/div>\n\t\t\t\t<\/div>\n\t\t\t\t<\/div>\n\t\t\t\t<\/div>\n\t\t\t\t<\/div>\n\t\t","protected":false},"excerpt":{"rendered":"<p>Gestione della progressione miopica La miopia, sotto controllo I nostri servizi di management professionale contribuiscono a rallentare la progressione della miopia nell\u2019infanzia e nell\u2019adolescenza. Fissa un appuntamento Cos\u2019\u00e8 la miopia? La miopia \u00e8 un difetto della vista che fa vedere sfocati gli oggetti distanti. Pu\u00f2 avere diverse cause, come un bulbo oculare troppo lungo (miopia [&hellip;]<\/p>\n","protected":false},"author":1,"featured_media":0,"parent":0,"menu_order":0,"comment_status":"closed","ping_status":"closed","template":"","meta":{"footnotes":""},"class_list":["post-1221","page","type-page","status-publish","hentry"],"yoast_head":"<!-- This site is optimized with the Yoast SEO plugin v23.4 - https:\/\/yoast.com\/wordpress\/plugins\/seo\/ -->\n<title>Gestione della progressione miopica: Ottica Brugger<\/title>\n<meta name=\"description\" content=\"Offriamo strategie di gestione della miopia per contribuire a rallentare la progressione del difetto visivo. Rivolgetevi agli esperti di Ottica Brugger a Bressanone!\" \/>\n<meta name=\"robots\" content=\"index, follow, max-snippet:-1, max-image-preview:large, max-video-preview:-1\" \/>\n<link rel=\"canonical\" href=\"https:\/\/www.optikbrugger.it\/it\/management-della-miopia\/\" \/>\n<meta property=\"og:locale\" content=\"it_IT\" \/>\n<meta property=\"og:type\" content=\"article\" \/>\n<meta property=\"og:title\" content=\"Gestione della progressione miopica: Ottica Brugger\" \/>\n<meta property=\"og:description\" content=\"Offriamo strategie di gestione della miopia per contribuire a rallentare la progressione del difetto visivo. Rivolgetevi agli esperti di Ottica Brugger a Bressanone!\" \/>\n<meta property=\"og:url\" content=\"https:\/\/www.optikbrugger.it\/it\/management-della-miopia\/\" \/>\n<meta property=\"og:site_name\" content=\"Optik Brugger\" \/>\n<meta property=\"article:modified_time\" content=\"2025-10-01T07:28:29+00:00\" \/>\n<meta property=\"og:image\" content=\"https:\/\/www.optikbrugger.it\/wp-content\/uploads\/2025\/05\/myopie-titelbild.jpg\" \/>\n<meta name=\"twitter:card\" content=\"summary_large_image\" \/>\n<meta name=\"twitter:label1\" content=\"Tempo di lettura stimato\" \/>\n\t<meta name=\"twitter:data1\" content=\"2 minuti\" \/>\n<script type=\"application\/ld+json\" class=\"yoast-schema-graph\">{\"@context\":\"https:\/\/schema.org\",\"@graph\":[{\"@type\":\"WebPage\",\"@id\":\"https:\/\/www.optikbrugger.it\/it\/management-della-miopia\/\",\"url\":\"https:\/\/www.optikbrugger.it\/it\/management-della-miopia\/\",\"name\":\"Gestione della progressione miopica: Ottica Brugger\",\"isPartOf\":{\"@id\":\"https:\/\/www.optikbrugger.it\/it\/#website\"},\"primaryImageOfPage\":{\"@id\":\"https:\/\/www.optikbrugger.it\/it\/management-della-miopia\/#primaryimage\"},\"image\":{\"@id\":\"https:\/\/www.optikbrugger.it\/it\/management-della-miopia\/#primaryimage\"},\"thumbnailUrl\":\"https:\/\/www.optikbrugger.it\/wp-content\/uploads\/2025\/05\/myopie-titelbild.jpg\",\"datePublished\":\"2024-11-21T13:16:11+00:00\",\"dateModified\":\"2025-10-01T07:28:29+00:00\",\"description\":\"Offriamo strategie di gestione della miopia per contribuire a rallentare la progressione del difetto visivo. Rivolgetevi agli esperti di Ottica Brugger a Bressanone!\",\"breadcrumb\":{\"@id\":\"https:\/\/www.optikbrugger.it\/it\/management-della-miopia\/#breadcrumb\"},\"inLanguage\":\"it-IT\",\"potentialAction\":[{\"@type\":\"ReadAction\",\"target\":[\"https:\/\/www.optikbrugger.it\/it\/management-della-miopia\/\"]}]},{\"@type\":\"ImageObject\",\"inLanguage\":\"it-IT\",\"@id\":\"https:\/\/www.optikbrugger.it\/it\/management-della-miopia\/#primaryimage\",\"url\":\"https:\/\/www.optikbrugger.it\/wp-content\/uploads\/2025\/05\/myopie-titelbild.jpg\",\"contentUrl\":\"https:\/\/www.optikbrugger.it\/wp-content\/uploads\/2025\/05\/myopie-titelbild.jpg\"},{\"@type\":\"BreadcrumbList\",\"@id\":\"https:\/\/www.optikbrugger.it\/it\/management-della-miopia\/#breadcrumb\",\"itemListElement\":[{\"@type\":\"ListItem\",\"position\":1,\"name\":\"Startseite\",\"item\":\"https:\/\/www.optikbrugger.it\/it\/\"},{\"@type\":\"ListItem\",\"position\":2,\"name\":\"Gestione della progressione miopica\"}]},{\"@type\":\"WebSite\",\"@id\":\"https:\/\/www.optikbrugger.it\/it\/#website\",\"url\":\"https:\/\/www.optikbrugger.it\/it\/\",\"name\":\"Optik Brugger\",\"description\":\"\",\"publisher\":{\"@id\":\"https:\/\/www.optikbrugger.it\/it\/#organization\"},\"potentialAction\":[{\"@type\":\"SearchAction\",\"target\":{\"@type\":\"EntryPoint\",\"urlTemplate\":\"https:\/\/www.optikbrugger.it\/it\/?s={search_term_string}\"},\"query-input\":{\"@type\":\"PropertyValueSpecification\",\"valueRequired\":true,\"valueName\":\"search_term_string\"}}],\"inLanguage\":\"it-IT\"},{\"@type\":\"Organization\",\"@id\":\"https:\/\/www.optikbrugger.it\/it\/#organization\",\"name\":\"Optik Brugger\",\"url\":\"https:\/\/www.optikbrugger.it\/it\/\",\"logo\":{\"@type\":\"ImageObject\",\"inLanguage\":\"it-IT\",\"@id\":\"https:\/\/www.optikbrugger.it\/it\/#\/schema\/logo\/image\/\",\"url\":\"https:\/\/www.optikbrugger.it\/wp-content\/uploads\/2024\/10\/Gruppe-6.svg\",\"contentUrl\":\"https:\/\/www.optikbrugger.it\/wp-content\/uploads\/2024\/10\/Gruppe-6.svg\",\"width\":320,\"height\":82,\"caption\":\"Optik Brugger\"},\"image\":{\"@id\":\"https:\/\/www.optikbrugger.it\/it\/#\/schema\/logo\/image\/\"}}]}<\/script>\n<!-- \/ Yoast SEO plugin. -->","yoast_head_json":{"title":"Gestione della progressione miopica: Ottica Brugger","description":"Offriamo strategie di gestione della miopia per contribuire a rallentare la progressione del difetto visivo. Rivolgetevi agli esperti di Ottica Brugger a Bressanone!","robots":{"index":"index","follow":"follow","max-snippet":"max-snippet:-1","max-image-preview":"max-image-preview:large","max-video-preview":"max-video-preview:-1"},"canonical":"https:\/\/www.optikbrugger.it\/it\/management-della-miopia\/","og_locale":"it_IT","og_type":"article","og_title":"Gestione della progressione miopica: Ottica Brugger","og_description":"Offriamo strategie di gestione della miopia per contribuire a rallentare la progressione del difetto visivo. Rivolgetevi agli esperti di Ottica Brugger a Bressanone!","og_url":"https:\/\/www.optikbrugger.it\/it\/management-della-miopia\/","og_site_name":"Optik Brugger","article_modified_time":"2025-10-01T07:28:29+00:00","og_image":[{"url":"https:\/\/www.optikbrugger.it\/wp-content\/uploads\/2025\/05\/myopie-titelbild.jpg"}],"twitter_card":"summary_large_image","twitter_misc":{"Tempo di lettura stimato":"2 minuti"},"schema":{"@context":"https:\/\/schema.org","@graph":[{"@type":"WebPage","@id":"https:\/\/www.optikbrugger.it\/it\/management-della-miopia\/","url":"https:\/\/www.optikbrugger.it\/it\/management-della-miopia\/","name":"Gestione della progressione miopica: Ottica Brugger","isPartOf":{"@id":"https:\/\/www.optikbrugger.it\/it\/#website"},"primaryImageOfPage":{"@id":"https:\/\/www.optikbrugger.it\/it\/management-della-miopia\/#primaryimage"},"image":{"@id":"https:\/\/www.optikbrugger.it\/it\/management-della-miopia\/#primaryimage"},"thumbnailUrl":"https:\/\/www.optikbrugger.it\/wp-content\/uploads\/2025\/05\/myopie-titelbild.jpg","datePublished":"2024-11-21T13:16:11+00:00","dateModified":"2025-10-01T07:28:29+00:00","description":"Offriamo strategie di gestione della miopia per contribuire a rallentare la progressione del difetto visivo. Rivolgetevi agli esperti di Ottica Brugger a Bressanone!","breadcrumb":{"@id":"https:\/\/www.optikbrugger.it\/it\/management-della-miopia\/#breadcrumb"},"inLanguage":"it-IT","potentialAction":[{"@type":"ReadAction","target":["https:\/\/www.optikbrugger.it\/it\/management-della-miopia\/"]}]},{"@type":"ImageObject","inLanguage":"it-IT","@id":"https:\/\/www.optikbrugger.it\/it\/management-della-miopia\/#primaryimage","url":"https:\/\/www.optikbrugger.it\/wp-content\/uploads\/2025\/05\/myopie-titelbild.jpg","contentUrl":"https:\/\/www.optikbrugger.it\/wp-content\/uploads\/2025\/05\/myopie-titelbild.jpg"},{"@type":"BreadcrumbList","@id":"https:\/\/www.optikbrugger.it\/it\/management-della-miopia\/#breadcrumb","itemListElement":[{"@type":"ListItem","position":1,"name":"Startseite","item":"https:\/\/www.optikbrugger.it\/it\/"},{"@type":"ListItem","position":2,"name":"Gestione della progressione miopica"}]},{"@type":"WebSite","@id":"https:\/\/www.optikbrugger.it\/it\/#website","url":"https:\/\/www.optikbrugger.it\/it\/","name":"Optik Brugger","description":"","publisher":{"@id":"https:\/\/www.optikbrugger.it\/it\/#organization"},"potentialAction":[{"@type":"SearchAction","target":{"@type":"EntryPoint","urlTemplate":"https:\/\/www.optikbrugger.it\/it\/?s={search_term_string}"},"query-input":{"@type":"PropertyValueSpecification","valueRequired":true,"valueName":"search_term_string"}}],"inLanguage":"it-IT"},{"@type":"Organization","@id":"https:\/\/www.optikbrugger.it\/it\/#organization","name":"Optik Brugger","url":"https:\/\/www.optikbrugger.it\/it\/","logo":{"@type":"ImageObject","inLanguage":"it-IT","@id":"https:\/\/www.optikbrugger.it\/it\/#\/schema\/logo\/image\/","url":"https:\/\/www.optikbrugger.it\/wp-content\/uploads\/2024\/10\/Gruppe-6.svg","contentUrl":"https:\/\/www.optikbrugger.it\/wp-content\/uploads\/2024\/10\/Gruppe-6.svg","width":320,"height":82,"caption":"Optik Brugger"},"image":{"@id":"https:\/\/www.optikbrugger.it\/it\/#\/schema\/logo\/image\/"}}]}},"_links":{"self":[{"href":"https:\/\/www.optikbrugger.it\/it\/wp-json\/wp\/v2\/pages\/1221"}],"collection":[{"href":"https:\/\/www.optikbrugger.it\/it\/wp-json\/wp\/v2\/pages"}],"about":[{"href":"https:\/\/www.optikbrugger.it\/it\/wp-json\/wp\/v2\/types\/page"}],"author":[{"embeddable":true,"href":"https:\/\/www.optikbrugger.it\/it\/wp-json\/wp\/v2\/users\/1"}],"replies":[{"embeddable":true,"href":"https:\/\/www.optikbrugger.it\/it\/wp-json\/wp\/v2\/comments?post=1221"}],"version-history":[{"count":9,"href":"https:\/\/www.optikbrugger.it\/it\/wp-json\/wp\/v2\/pages\/1221\/revisions"}],"predecessor-version":[{"id":1385,"href":"https:\/\/www.optikbrugger.it\/it\/wp-json\/wp\/v2\/pages\/1221\/revisions\/1385"}],"wp:attachment":[{"href":"https:\/\/www.optikbrugger.it\/it\/wp-json\/wp\/v2\/media?parent=1221"}],"curies":[{"name":"wp","href":"https:\/\/api.w.org\/{rel}","templated":true}]}}