{"id":1215,"date":"2024-11-21T13:08:19","date_gmt":"2024-11-21T13:08:19","guid":{"rendered":"https:\/\/neu.optikbrugger.it\/riparazioni-e-modifiche\/"},"modified":"2025-06-25T07:14:18","modified_gmt":"2025-06-25T07:14:18","slug":"riparazioni-e-modifiche","status":"publish","type":"page","link":"https:\/\/www.optikbrugger.it\/it\/riparazioni-e-modifiche\/","title":{"rendered":"Riparazioni e modifiche"},"content":{"rendered":"\t\t<div data-elementor-type=\"wp-page\" data-elementor-id=\"1215\" class=\"elementor elementor-1215 elementor-324\" data-elementor-post-type=\"page\">\n\t\t\t\t<div class=\"elementor-element elementor-element-6b6ea426 e-con-full container-w entrance e-flex e-con e-parent\" data-id=\"6b6ea426\" data-element_type=\"container\">\n\t\t\t\t<div class=\"elementor-element elementor-element-23fbd840 elementor-widget__width-inherit entrance-carousell elementor-widget elementor-widget-image-carousel\" data-id=\"23fbd840\" data-element_type=\"widget\" data-settings=\"{&quot;slides_to_show&quot;:&quot;1&quot;,&quot;navigation&quot;:&quot;none&quot;,&quot;autoplay&quot;:&quot;yes&quot;,&quot;pause_on_hover&quot;:&quot;yes&quot;,&quot;pause_on_interaction&quot;:&quot;yes&quot;,&quot;autoplay_speed&quot;:5000,&quot;infinite&quot;:&quot;yes&quot;,&quot;effect&quot;:&quot;slide&quot;,&quot;speed&quot;:500}\" data-widget_type=\"image-carousel.default\">\n\t\t\t\t<div class=\"elementor-widget-container\">\n\t\t\t\t\t<div class=\"elementor-image-carousel-wrapper swiper\" dir=\"ltr\">\n\t\t\t<div class=\"elementor-image-carousel swiper-wrapper\" aria-live=\"off\">\n\t\t\t\t\t\t\t\t<div class=\"swiper-slide\" role=\"group\" aria-roledescription=\"slide\" aria-label=\"1 di 1\"><figure class=\"swiper-slide-inner\"><img decoding=\"async\" class=\"swiper-slide-image\" src=\"https:\/\/www.optikbrugger.it\/wp-content\/uploads\/2025\/05\/bester-service.jpg\" alt=\"bester-service\" \/><\/figure><\/div>\t\t\t<\/div>\n\t\t\t\t\t<\/div>\n\t\t\t\t<\/div>\n\t\t\t\t<\/div>\n\t\t\t\t<div class=\"elementor-element elementor-element-8eb3c91 elementor-absolute elementor-widget elementor-widget-image\" data-id=\"8eb3c91\" data-element_type=\"widget\" data-settings=\"{&quot;_position&quot;:&quot;absolute&quot;}\" data-widget_type=\"image.default\">\n\t\t\t\t<div class=\"elementor-widget-container\">\n\t\t\t\t\t\t\t\t\t\t\t\t\t<img fetchpriority=\"high\" decoding=\"async\" width=\"240\" height=\"240\" src=\"https:\/\/www.optikbrugger.it\/wp-content\/uploads\/2024\/11\/wir-sind-umgezogen.svg\" class=\"attachment-large size-large wp-image-1031\" alt=\"\" \/>\t\t\t\t\t\t\t\t\t\t\t\t\t<\/div>\n\t\t\t\t<\/div>\n\t\t\t\t<\/div>\n\t\t<div class=\"elementor-element elementor-element-5947e821 e-con-full p-b-l m-w-60 txt-heading-container e-flex e-con e-parent\" data-id=\"5947e821\" data-element_type=\"container\" data-settings=\"{&quot;background_background&quot;:&quot;classic&quot;}\">\n\t\t\t\t<div class=\"elementor-element elementor-element-46aec3f7 elementor-widget elementor-widget-heading\" data-id=\"46aec3f7\" data-element_type=\"widget\" data-settings=\"{&quot;motion_fx_motion_fx_scrolling&quot;:&quot;yes&quot;,&quot;motion_fx_opacity_effect&quot;:&quot;yes&quot;,&quot;motion_fx_opacity_direction&quot;:&quot;out-in&quot;,&quot;motion_fx_opacity_level&quot;:{&quot;unit&quot;:&quot;px&quot;,&quot;size&quot;:10,&quot;sizes&quot;:[]},&quot;motion_fx_opacity_range&quot;:{&quot;unit&quot;:&quot;%&quot;,&quot;size&quot;:&quot;&quot;,&quot;sizes&quot;:{&quot;start&quot;:20,&quot;end&quot;:80}},&quot;motion_fx_devices&quot;:[&quot;desktop&quot;,&quot;tablet&quot;,&quot;mobile&quot;]}\" data-widget_type=\"heading.default\">\n\t\t\t\t<div class=\"elementor-widget-container\">\n\t\t\t<h1 class=\"elementor-heading-title elementor-size-default\">Servizi di qualit\u00e0 per i vostri occhiali <\/h1>\t\t<\/div>\n\t\t\t\t<\/div>\n\t\t\t\t<div class=\"elementor-element elementor-element-2260bf5f elementor-widget elementor-widget-heading\" data-id=\"2260bf5f\" data-element_type=\"widget\" data-settings=\"{&quot;motion_fx_motion_fx_scrolling&quot;:&quot;yes&quot;,&quot;motion_fx_opacity_effect&quot;:&quot;yes&quot;,&quot;motion_fx_opacity_direction&quot;:&quot;out-in&quot;,&quot;motion_fx_opacity_level&quot;:{&quot;unit&quot;:&quot;px&quot;,&quot;size&quot;:10,&quot;sizes&quot;:[]},&quot;motion_fx_opacity_range&quot;:{&quot;unit&quot;:&quot;%&quot;,&quot;size&quot;:&quot;&quot;,&quot;sizes&quot;:{&quot;start&quot;:20,&quot;end&quot;:80}},&quot;motion_fx_devices&quot;:[&quot;desktop&quot;,&quot;tablet&quot;,&quot;mobile&quot;]}\" data-widget_type=\"heading.default\">\n\t\t\t\t<div class=\"elementor-widget-container\">\n\t\t\t<h3 class=\"elementor-heading-title elementor-size-default\">Comfort e durevolezza garantiti<\/h3>\t\t<\/div>\n\t\t\t\t<\/div>\n\t\t<div class=\"elementor-element elementor-element-b1da9b7 e-con-full e-flex e-con e-child\" data-id=\"b1da9b7\" data-element_type=\"container\" data-settings=\"{&quot;motion_fx_motion_fx_scrolling&quot;:&quot;yes&quot;,&quot;motion_fx_opacity_effect&quot;:&quot;yes&quot;,&quot;motion_fx_opacity_direction&quot;:&quot;out-in&quot;,&quot;motion_fx_opacity_level&quot;:{&quot;unit&quot;:&quot;px&quot;,&quot;size&quot;:10,&quot;sizes&quot;:[]},&quot;motion_fx_opacity_range&quot;:{&quot;unit&quot;:&quot;%&quot;,&quot;size&quot;:&quot;&quot;,&quot;sizes&quot;:{&quot;start&quot;:20,&quot;end&quot;:80}},&quot;motion_fx_devices&quot;:[&quot;desktop&quot;,&quot;tablet&quot;,&quot;mobile&quot;]}\">\n\t\t\t\t<div class=\"elementor-element elementor-element-6835a6b1 elementor-widget elementor-widget-text-editor\" data-id=\"6835a6b1\" data-element_type=\"widget\" data-widget_type=\"text-editor.default\">\n\t\t\t\t<div class=\"elementor-widget-container\">\n\t\t\t\t\t\t\t<p>Ogni occhiale da vista \u00e8 unico come la persona che lo indossa. Nel nostro laboratorio personalizziamo gli occhiali in base alle vostre esigenze specifiche, anche dopo l\u2019acquisto.   <\/p>\t\t\t\t\t\t<\/div>\n\t\t\t\t<\/div>\n\t\t\t\t<\/div>\n\t\t\t\t<\/div>\n\t\t<div class=\"elementor-element elementor-element-78aff04 e-con-full e-flex e-con e-parent\" data-id=\"78aff04\" data-element_type=\"container\">\n\t\t<div class=\"elementor-element elementor-element-9a4bbef e-con-full e-flex e-con e-child\" data-id=\"9a4bbef\" data-element_type=\"container\" data-settings=\"{&quot;background_background&quot;:&quot;classic&quot;}\">\n\t\t\t\t<div class=\"elementor-element elementor-element-9418d27 elementor-widget__width-inherit elementor-widget elementor-widget-image\" data-id=\"9418d27\" data-element_type=\"widget\" data-widget_type=\"image.default\">\n\t\t\t\t<div class=\"elementor-widget-container\">\n\t\t\t\t\t\t\t\t\t\t\t\t\t<img decoding=\"async\" width=\"1000\" height=\"1000\" src=\"https:\/\/www.optikbrugger.it\/wp-content\/uploads\/2025\/05\/praezise-anpassung.jpg\" class=\"attachment-full size-full wp-image-1157\" alt=\"\" srcset=\"https:\/\/www.optikbrugger.it\/wp-content\/uploads\/2025\/05\/praezise-anpassung.jpg 1000w, https:\/\/www.optikbrugger.it\/wp-content\/uploads\/2025\/05\/praezise-anpassung-300x300.jpg 300w, https:\/\/www.optikbrugger.it\/wp-content\/uploads\/2025\/05\/praezise-anpassung-150x150.jpg 150w, https:\/\/www.optikbrugger.it\/wp-content\/uploads\/2025\/05\/praezise-anpassung-768x768.jpg 768w\" sizes=\"(max-width: 1000px) 100vw, 1000px\" \/>\t\t\t\t\t\t\t\t\t\t\t\t\t<\/div>\n\t\t\t\t<\/div>\n\t\t\t\t<\/div>\n\t\t<div class=\"elementor-element elementor-element-7bbdf13 e-con-full p-b-m e-flex e-con e-child\" data-id=\"7bbdf13\" data-element_type=\"container\" data-settings=\"{&quot;background_background&quot;:&quot;classic&quot;}\">\n\t\t\t\t<div class=\"elementor-element elementor-element-c0ffc87 elementor-widget elementor-widget-heading\" data-id=\"c0ffc87\" data-element_type=\"widget\" data-settings=\"{&quot;motion_fx_motion_fx_scrolling&quot;:&quot;yes&quot;,&quot;motion_fx_devices&quot;:[&quot;desktop&quot;,&quot;tablet&quot;,&quot;mobile&quot;]}\" data-widget_type=\"heading.default\">\n\t\t\t\t<div class=\"elementor-widget-container\">\n\t\t\t<h2 class=\"elementor-heading-title elementor-size-default\">Assolutamente su misura<\/h2>\t\t<\/div>\n\t\t\t\t<\/div>\n\t\t\t\t<div class=\"elementor-element elementor-element-2811504 p-i-m elementor-widget elementor-widget-text-editor\" data-id=\"2811504\" data-element_type=\"widget\" data-widget_type=\"text-editor.default\">\n\t\t\t\t<div class=\"elementor-widget-container\">\n\t\t\t\t\t\t\t<p>Cos\u00ec come le lenti vanno inserite nella montatura con la massima precisione, anche gli occhiali stessi, per poter svolgere al meglio la loro funzione, devono inserirsi perfettamente sul viso, adattandosi con precisione alla sua anatomia. Eseguendo una regolazione precisa dell\u2019occhiale, vi garantiamo la migliore visione possibile e il massimo del comfort per tutto il giorno.  <\/p>\t\t\t\t\t\t<\/div>\n\t\t\t\t<\/div>\n\t\t\t\t<\/div>\n\t\t\t\t<\/div>\n\t\t<div class=\"elementor-element elementor-element-91cf098 e-con-full p-b-l m-w-60 txt-heading-container e-flex e-con e-parent\" data-id=\"91cf098\" data-element_type=\"container\" data-settings=\"{&quot;background_background&quot;:&quot;classic&quot;}\">\n\t\t\t\t<div class=\"elementor-element elementor-element-4538483 elementor-widget elementor-widget-heading\" data-id=\"4538483\" data-element_type=\"widget\" data-settings=\"{&quot;motion_fx_motion_fx_scrolling&quot;:&quot;yes&quot;,&quot;motion_fx_opacity_effect&quot;:&quot;yes&quot;,&quot;motion_fx_opacity_direction&quot;:&quot;out-in&quot;,&quot;motion_fx_opacity_level&quot;:{&quot;unit&quot;:&quot;px&quot;,&quot;size&quot;:10,&quot;sizes&quot;:[]},&quot;motion_fx_opacity_range&quot;:{&quot;unit&quot;:&quot;%&quot;,&quot;size&quot;:&quot;&quot;,&quot;sizes&quot;:{&quot;start&quot;:20,&quot;end&quot;:80}},&quot;motion_fx_devices&quot;:[&quot;desktop&quot;,&quot;tablet&quot;,&quot;mobile&quot;]}\" data-widget_type=\"heading.default\">\n\t\t\t\t<div class=\"elementor-widget-container\">\n\t\t\t<h2 class=\"elementor-heading-title elementor-size-default\">Riparazioni <\/h2>\t\t<\/div>\n\t\t\t\t<\/div>\n\t\t<div class=\"elementor-element elementor-element-afbe44b e-con-full e-flex e-con e-child\" data-id=\"afbe44b\" data-element_type=\"container\" data-settings=\"{&quot;motion_fx_motion_fx_scrolling&quot;:&quot;yes&quot;,&quot;motion_fx_opacity_effect&quot;:&quot;yes&quot;,&quot;motion_fx_opacity_direction&quot;:&quot;out-in&quot;,&quot;motion_fx_opacity_level&quot;:{&quot;unit&quot;:&quot;px&quot;,&quot;size&quot;:10,&quot;sizes&quot;:[]},&quot;motion_fx_opacity_range&quot;:{&quot;unit&quot;:&quot;%&quot;,&quot;size&quot;:&quot;&quot;,&quot;sizes&quot;:{&quot;start&quot;:20,&quot;end&quot;:80}},&quot;motion_fx_devices&quot;:[&quot;desktop&quot;,&quot;tablet&quot;,&quot;mobile&quot;]}\">\n\t\t\t\t<div class=\"elementor-element elementor-element-5deff88 elementor-widget elementor-widget-text-editor\" data-id=\"5deff88\" data-element_type=\"widget\" data-widget_type=\"text-editor.default\">\n\t\t\t\t<div class=\"elementor-widget-container\">\n\t\t\t\t\t\t\t<p>Una vite si \u00e8 allentata, la stanghetta si \u00e8 rotta o la montatura si \u00e8 deformata? Ci pensiamo noi, riparando i vostri occhiali con precisione artigianale. Basta un piccolo intervento di manutenzione per mantenere gli occhiali in condizioni ottimali a lungo e restituirvi una visione chiara e nitida!  <\/p>\t\t\t\t\t\t<\/div>\n\t\t\t\t<\/div>\n\t\t\t\t<\/div>\n\t\t\t\t<\/div>\n\t\t<div class=\"elementor-element elementor-element-ed52643 e-con-full e-flex e-con e-parent\" data-id=\"ed52643\" data-element_type=\"container\">\n\t\t<div class=\"elementor-element elementor-element-1c8078c e-con-full e-flex e-con e-child\" data-id=\"1c8078c\" data-element_type=\"container\" data-settings=\"{&quot;background_background&quot;:&quot;classic&quot;}\">\n\t\t\t\t<div class=\"elementor-element elementor-element-6aaea93 elementor-widget__width-inherit elementor-widget elementor-widget-image\" data-id=\"6aaea93\" data-element_type=\"widget\" data-widget_type=\"image.default\">\n\t\t\t\t<div class=\"elementor-widget-container\">\n\t\t\t\t\t\t\t\t\t\t\t\t\t<img decoding=\"async\" width=\"1000\" height=\"1000\" src=\"https:\/\/www.optikbrugger.it\/wp-content\/uploads\/2025\/05\/austausch-goeaeser.jpg\" class=\"attachment-full size-full wp-image-1155\" alt=\"\" srcset=\"https:\/\/www.optikbrugger.it\/wp-content\/uploads\/2025\/05\/austausch-goeaeser.jpg 1000w, https:\/\/www.optikbrugger.it\/wp-content\/uploads\/2025\/05\/austausch-goeaeser-300x300.jpg 300w, https:\/\/www.optikbrugger.it\/wp-content\/uploads\/2025\/05\/austausch-goeaeser-150x150.jpg 150w, https:\/\/www.optikbrugger.it\/wp-content\/uploads\/2025\/05\/austausch-goeaeser-768x768.jpg 768w\" sizes=\"(max-width: 1000px) 100vw, 1000px\" \/>\t\t\t\t\t\t\t\t\t\t\t\t\t<\/div>\n\t\t\t\t<\/div>\n\t\t\t\t<\/div>\n\t\t<div class=\"elementor-element elementor-element-6145422 e-con-full p-b-m e-flex e-con e-child\" data-id=\"6145422\" data-element_type=\"container\" data-settings=\"{&quot;background_background&quot;:&quot;classic&quot;}\">\n\t\t\t\t<div class=\"elementor-element elementor-element-1eaf5e2 elementor-widget elementor-widget-heading\" data-id=\"1eaf5e2\" data-element_type=\"widget\" data-settings=\"{&quot;motion_fx_motion_fx_scrolling&quot;:&quot;yes&quot;,&quot;motion_fx_devices&quot;:[&quot;desktop&quot;,&quot;tablet&quot;,&quot;mobile&quot;]}\" data-widget_type=\"heading.default\">\n\t\t\t\t<div class=\"elementor-widget-container\">\n\t\t\t<h2 class=\"elementor-heading-title elementor-size-default\">Sostituzione delle lenti<\/h2>\t\t<\/div>\n\t\t\t\t<\/div>\n\t\t\t\t<div class=\"elementor-element elementor-element-c2829cc p-i-m elementor-widget elementor-widget-text-editor\" data-id=\"c2829cc\" data-element_type=\"widget\" data-widget_type=\"text-editor.default\">\n\t\t\t\t<div class=\"elementor-widget-container\">\n\t\t\t\t\t\t\t<p>\u00c8 ora di sostituire le lenti, perch\u00e9 magari si sono graffiate o le vostre esigenze sono cambiate, ma la montatura \u00e8 ancora in buono stato? Nessun problema: sostituiamo le lenti vecchie con nuove lenti di ottima marca e qualit\u00e0.  <\/p>\t\t\t\t\t\t<\/div>\n\t\t\t\t<\/div>\n\t\t\t\t<\/div>\n\t\t\t\t<\/div>\n\t\t<div class=\"elementor-element elementor-element-2646a9c e-con-full p-b-l m-w-60 txt-heading-container e-flex e-con e-parent\" data-id=\"2646a9c\" data-element_type=\"container\" data-settings=\"{&quot;background_background&quot;:&quot;classic&quot;}\">\n\t\t\t\t<div class=\"elementor-element elementor-element-8065e69 elementor-widget elementor-widget-heading\" data-id=\"8065e69\" data-element_type=\"widget\" data-settings=\"{&quot;motion_fx_motion_fx_scrolling&quot;:&quot;yes&quot;,&quot;motion_fx_opacity_effect&quot;:&quot;yes&quot;,&quot;motion_fx_opacity_direction&quot;:&quot;out-in&quot;,&quot;motion_fx_opacity_level&quot;:{&quot;unit&quot;:&quot;px&quot;,&quot;size&quot;:10,&quot;sizes&quot;:[]},&quot;motion_fx_opacity_range&quot;:{&quot;unit&quot;:&quot;%&quot;,&quot;size&quot;:&quot;&quot;,&quot;sizes&quot;:{&quot;start&quot;:20,&quot;end&quot;:80}},&quot;motion_fx_devices&quot;:[&quot;desktop&quot;,&quot;tablet&quot;,&quot;mobile&quot;]}\" data-widget_type=\"heading.default\">\n\t\t\t\t<div class=\"elementor-widget-container\">\n\t\t\t<h2 class=\"elementor-heading-title elementor-size-default\">Il nostro laboratorio <\/h2>\t\t<\/div>\n\t\t\t\t<\/div>\n\t\t<div class=\"elementor-element elementor-element-883f6ad e-con-full e-flex e-con e-child\" data-id=\"883f6ad\" data-element_type=\"container\" data-settings=\"{&quot;motion_fx_motion_fx_scrolling&quot;:&quot;yes&quot;,&quot;motion_fx_opacity_effect&quot;:&quot;yes&quot;,&quot;motion_fx_opacity_direction&quot;:&quot;out-in&quot;,&quot;motion_fx_opacity_level&quot;:{&quot;unit&quot;:&quot;px&quot;,&quot;size&quot;:10,&quot;sizes&quot;:[]},&quot;motion_fx_opacity_range&quot;:{&quot;unit&quot;:&quot;%&quot;,&quot;size&quot;:&quot;&quot;,&quot;sizes&quot;:{&quot;start&quot;:20,&quot;end&quot;:80}},&quot;motion_fx_devices&quot;:[&quot;desktop&quot;,&quot;tablet&quot;,&quot;mobile&quot;]}\">\n\t\t\t\t<div class=\"elementor-element elementor-element-191c3be elementor-widget elementor-widget-text-editor\" data-id=\"191c3be\" data-element_type=\"widget\" data-widget_type=\"text-editor.default\">\n\t\t\t\t<div class=\"elementor-widget-container\">\n\t\t\t\t\t\t\tOltre a essere maestri artigiani ottici, disponiamo di un laboratorio in-house che ci consente di mettere a frutto nostri lunghi anni di esperienza, lavorando con precisione certosina per realizzare o riparare i vostri occhiali.  \t\t\t\t\t\t<\/div>\n\t\t\t\t<\/div>\n\t\t\t\t<\/div>\n\t\t\t\t<\/div>\n\t\t\t\t<\/div>\n\t\t","protected":false},"excerpt":{"rendered":"<p>Servizi di qualit\u00e0 per i vostri occhiali Comfort e durevolezza garantiti Ogni occhiale da vista \u00e8 unico come la persona che lo indossa. Nel nostro laboratorio personalizziamo gli occhiali in base alle vostre esigenze specifiche, anche dopo l\u2019acquisto. Assolutamente su misura Cos\u00ec come le lenti vanno inserite nella montatura con la massima precisione, anche gli [&hellip;]<\/p>\n","protected":false},"author":1,"featured_media":0,"parent":0,"menu_order":0,"comment_status":"closed","ping_status":"closed","template":"","meta":{"footnotes":""},"class_list":["post-1215","page","type-page","status-publish","hentry"],"yoast_head":"<!-- This site is optimized with the Yoast SEO plugin v23.4 - https:\/\/yoast.com\/wordpress\/plugins\/seo\/ -->\n<title>Servono nuovi occhiali? Ottica Brugger vi aspetta a Bressanone!<\/title>\n<meta name=\"description\" content=\"Ottica Brugger a Bressanone offre un servizio completo e di qualit\u00e0 per i vostri occhiali, dalla consulenza alla vendita fino alla riparazione. Affidatevi a dei veri esperti!\" \/>\n<meta name=\"robots\" content=\"index, follow, max-snippet:-1, max-image-preview:large, max-video-preview:-1\" \/>\n<link rel=\"canonical\" href=\"https:\/\/www.optikbrugger.it\/it\/riparazioni-e-modifiche\/\" \/>\n<meta property=\"og:locale\" content=\"it_IT\" \/>\n<meta property=\"og:type\" content=\"article\" \/>\n<meta property=\"og:title\" content=\"Servono nuovi occhiali? Ottica Brugger vi aspetta a Bressanone!\" \/>\n<meta property=\"og:description\" content=\"Ottica Brugger a Bressanone offre un servizio completo e di qualit\u00e0 per i vostri occhiali, dalla consulenza alla vendita fino alla riparazione. Affidatevi a dei veri esperti!\" \/>\n<meta property=\"og:url\" content=\"https:\/\/www.optikbrugger.it\/it\/riparazioni-e-modifiche\/\" \/>\n<meta property=\"og:site_name\" content=\"Optik Brugger\" \/>\n<meta property=\"article:modified_time\" content=\"2025-06-25T07:14:18+00:00\" \/>\n<meta property=\"og:image\" content=\"https:\/\/optikbrugger.it\/wp-content\/uploads\/2025\/05\/bester-service.jpg\" \/>\n<meta name=\"twitter:card\" content=\"summary_large_image\" \/>\n<meta name=\"twitter:label1\" content=\"Tempo di lettura stimato\" \/>\n\t<meta name=\"twitter:data1\" content=\"1 minuto\" \/>\n<script type=\"application\/ld+json\" class=\"yoast-schema-graph\">{\"@context\":\"https:\/\/schema.org\",\"@graph\":[{\"@type\":\"WebPage\",\"@id\":\"https:\/\/www.optikbrugger.it\/it\/riparazioni-e-modifiche\/\",\"url\":\"https:\/\/www.optikbrugger.it\/it\/riparazioni-e-modifiche\/\",\"name\":\"Servono nuovi occhiali? Ottica Brugger vi aspetta a Bressanone!\",\"isPartOf\":{\"@id\":\"https:\/\/www.optikbrugger.it\/it\/#website\"},\"primaryImageOfPage\":{\"@id\":\"https:\/\/www.optikbrugger.it\/it\/riparazioni-e-modifiche\/#primaryimage\"},\"image\":{\"@id\":\"https:\/\/www.optikbrugger.it\/it\/riparazioni-e-modifiche\/#primaryimage\"},\"thumbnailUrl\":\"https:\/\/optikbrugger.it\/wp-content\/uploads\/2025\/05\/bester-service.jpg\",\"datePublished\":\"2024-11-21T13:08:19+00:00\",\"dateModified\":\"2025-06-25T07:14:18+00:00\",\"description\":\"Ottica Brugger a Bressanone offre un servizio completo e di qualit\u00e0 per i vostri occhiali, dalla consulenza alla vendita fino alla riparazione. Affidatevi a dei veri esperti!\",\"breadcrumb\":{\"@id\":\"https:\/\/www.optikbrugger.it\/it\/riparazioni-e-modifiche\/#breadcrumb\"},\"inLanguage\":\"it-IT\",\"potentialAction\":[{\"@type\":\"ReadAction\",\"target\":[\"https:\/\/www.optikbrugger.it\/it\/riparazioni-e-modifiche\/\"]}]},{\"@type\":\"ImageObject\",\"inLanguage\":\"it-IT\",\"@id\":\"https:\/\/www.optikbrugger.it\/it\/riparazioni-e-modifiche\/#primaryimage\",\"url\":\"https:\/\/optikbrugger.it\/wp-content\/uploads\/2025\/05\/bester-service.jpg\",\"contentUrl\":\"https:\/\/optikbrugger.it\/wp-content\/uploads\/2025\/05\/bester-service.jpg\"},{\"@type\":\"BreadcrumbList\",\"@id\":\"https:\/\/www.optikbrugger.it\/it\/riparazioni-e-modifiche\/#breadcrumb\",\"itemListElement\":[{\"@type\":\"ListItem\",\"position\":1,\"name\":\"Startseite\",\"item\":\"https:\/\/www.optikbrugger.it\/it\/\"},{\"@type\":\"ListItem\",\"position\":2,\"name\":\"Riparazioni e modifiche\"}]},{\"@type\":\"WebSite\",\"@id\":\"https:\/\/www.optikbrugger.it\/it\/#website\",\"url\":\"https:\/\/www.optikbrugger.it\/it\/\",\"name\":\"Optik Brugger\",\"description\":\"\",\"publisher\":{\"@id\":\"https:\/\/www.optikbrugger.it\/it\/#organization\"},\"potentialAction\":[{\"@type\":\"SearchAction\",\"target\":{\"@type\":\"EntryPoint\",\"urlTemplate\":\"https:\/\/www.optikbrugger.it\/it\/?s={search_term_string}\"},\"query-input\":{\"@type\":\"PropertyValueSpecification\",\"valueRequired\":true,\"valueName\":\"search_term_string\"}}],\"inLanguage\":\"it-IT\"},{\"@type\":\"Organization\",\"@id\":\"https:\/\/www.optikbrugger.it\/it\/#organization\",\"name\":\"Optik Brugger\",\"url\":\"https:\/\/www.optikbrugger.it\/it\/\",\"logo\":{\"@type\":\"ImageObject\",\"inLanguage\":\"it-IT\",\"@id\":\"https:\/\/www.optikbrugger.it\/it\/#\/schema\/logo\/image\/\",\"url\":\"https:\/\/www.optikbrugger.it\/wp-content\/uploads\/2024\/10\/Gruppe-6.svg\",\"contentUrl\":\"https:\/\/www.optikbrugger.it\/wp-content\/uploads\/2024\/10\/Gruppe-6.svg\",\"width\":320,\"height\":82,\"caption\":\"Optik Brugger\"},\"image\":{\"@id\":\"https:\/\/www.optikbrugger.it\/it\/#\/schema\/logo\/image\/\"}}]}<\/script>\n<!-- \/ Yoast SEO plugin. -->","yoast_head_json":{"title":"Servono nuovi occhiali? Ottica Brugger vi aspetta a Bressanone!","description":"Ottica Brugger a Bressanone offre un servizio completo e di qualit\u00e0 per i vostri occhiali, dalla consulenza alla vendita fino alla riparazione. Affidatevi a dei veri esperti!","robots":{"index":"index","follow":"follow","max-snippet":"max-snippet:-1","max-image-preview":"max-image-preview:large","max-video-preview":"max-video-preview:-1"},"canonical":"https:\/\/www.optikbrugger.it\/it\/riparazioni-e-modifiche\/","og_locale":"it_IT","og_type":"article","og_title":"Servono nuovi occhiali? Ottica Brugger vi aspetta a Bressanone!","og_description":"Ottica Brugger a Bressanone offre un servizio completo e di qualit\u00e0 per i vostri occhiali, dalla consulenza alla vendita fino alla riparazione. Affidatevi a dei veri esperti!","og_url":"https:\/\/www.optikbrugger.it\/it\/riparazioni-e-modifiche\/","og_site_name":"Optik Brugger","article_modified_time":"2025-06-25T07:14:18+00:00","og_image":[{"url":"https:\/\/optikbrugger.it\/wp-content\/uploads\/2025\/05\/bester-service.jpg"}],"twitter_card":"summary_large_image","twitter_misc":{"Tempo di lettura stimato":"1 minuto"},"schema":{"@context":"https:\/\/schema.org","@graph":[{"@type":"WebPage","@id":"https:\/\/www.optikbrugger.it\/it\/riparazioni-e-modifiche\/","url":"https:\/\/www.optikbrugger.it\/it\/riparazioni-e-modifiche\/","name":"Servono nuovi occhiali? Ottica Brugger vi aspetta a Bressanone!","isPartOf":{"@id":"https:\/\/www.optikbrugger.it\/it\/#website"},"primaryImageOfPage":{"@id":"https:\/\/www.optikbrugger.it\/it\/riparazioni-e-modifiche\/#primaryimage"},"image":{"@id":"https:\/\/www.optikbrugger.it\/it\/riparazioni-e-modifiche\/#primaryimage"},"thumbnailUrl":"https:\/\/optikbrugger.it\/wp-content\/uploads\/2025\/05\/bester-service.jpg","datePublished":"2024-11-21T13:08:19+00:00","dateModified":"2025-06-25T07:14:18+00:00","description":"Ottica Brugger a Bressanone offre un servizio completo e di qualit\u00e0 per i vostri occhiali, dalla consulenza alla vendita fino alla riparazione. Affidatevi a dei veri esperti!","breadcrumb":{"@id":"https:\/\/www.optikbrugger.it\/it\/riparazioni-e-modifiche\/#breadcrumb"},"inLanguage":"it-IT","potentialAction":[{"@type":"ReadAction","target":["https:\/\/www.optikbrugger.it\/it\/riparazioni-e-modifiche\/"]}]},{"@type":"ImageObject","inLanguage":"it-IT","@id":"https:\/\/www.optikbrugger.it\/it\/riparazioni-e-modifiche\/#primaryimage","url":"https:\/\/optikbrugger.it\/wp-content\/uploads\/2025\/05\/bester-service.jpg","contentUrl":"https:\/\/optikbrugger.it\/wp-content\/uploads\/2025\/05\/bester-service.jpg"},{"@type":"BreadcrumbList","@id":"https:\/\/www.optikbrugger.it\/it\/riparazioni-e-modifiche\/#breadcrumb","itemListElement":[{"@type":"ListItem","position":1,"name":"Startseite","item":"https:\/\/www.optikbrugger.it\/it\/"},{"@type":"ListItem","position":2,"name":"Riparazioni e modifiche"}]},{"@type":"WebSite","@id":"https:\/\/www.optikbrugger.it\/it\/#website","url":"https:\/\/www.optikbrugger.it\/it\/","name":"Optik Brugger","description":"","publisher":{"@id":"https:\/\/www.optikbrugger.it\/it\/#organization"},"potentialAction":[{"@type":"SearchAction","target":{"@type":"EntryPoint","urlTemplate":"https:\/\/www.optikbrugger.it\/it\/?s={search_term_string}"},"query-input":{"@type":"PropertyValueSpecification","valueRequired":true,"valueName":"search_term_string"}}],"inLanguage":"it-IT"},{"@type":"Organization","@id":"https:\/\/www.optikbrugger.it\/it\/#organization","name":"Optik Brugger","url":"https:\/\/www.optikbrugger.it\/it\/","logo":{"@type":"ImageObject","inLanguage":"it-IT","@id":"https:\/\/www.optikbrugger.it\/it\/#\/schema\/logo\/image\/","url":"https:\/\/www.optikbrugger.it\/wp-content\/uploads\/2024\/10\/Gruppe-6.svg","contentUrl":"https:\/\/www.optikbrugger.it\/wp-content\/uploads\/2024\/10\/Gruppe-6.svg","width":320,"height":82,"caption":"Optik Brugger"},"image":{"@id":"https:\/\/www.optikbrugger.it\/it\/#\/schema\/logo\/image\/"}}]}},"_links":{"self":[{"href":"https:\/\/www.optikbrugger.it\/it\/wp-json\/wp\/v2\/pages\/1215"}],"collection":[{"href":"https:\/\/www.optikbrugger.it\/it\/wp-json\/wp\/v2\/pages"}],"about":[{"href":"https:\/\/www.optikbrugger.it\/it\/wp-json\/wp\/v2\/types\/page"}],"author":[{"embeddable":true,"href":"https:\/\/www.optikbrugger.it\/it\/wp-json\/wp\/v2\/users\/1"}],"replies":[{"embeddable":true,"href":"https:\/\/www.optikbrugger.it\/it\/wp-json\/wp\/v2\/comments?post=1215"}],"version-history":[{"count":1,"href":"https:\/\/www.optikbrugger.it\/it\/wp-json\/wp\/v2\/pages\/1215\/revisions"}],"predecessor-version":[{"id":1216,"href":"https:\/\/www.optikbrugger.it\/it\/wp-json\/wp\/v2\/pages\/1215\/revisions\/1216"}],"wp:attachment":[{"href":"https:\/\/www.optikbrugger.it\/it\/wp-json\/wp\/v2\/media?parent=1215"}],"curies":[{"name":"wp","href":"https:\/\/api.w.org\/{rel}","templated":true}]}}